{"id":23,"date":"2014-12-02T09:34:25","date_gmt":"2014-12-02T09:34:25","guid":{"rendered":"http:\/\/www.salinasdeoro.es\/?page_id=23"},"modified":"2023-09-21T12:20:39","modified_gmt":"2023-09-21T10:20:39","slug":"salinas-de-oro","status":"publish","type":"page","link":"http:\/\/www.salinasdeoro.es\/eu\/salinas-de-oro\/","title":{"rendered":"Jaitz"},"content":{"rendered":"<p><\/p>\n<h2 style=\"text-align: justify\">Alkatearen agurra<\/h2>\n<p style=\"color: #666666;text-align: justify\">Udalak gure web orria ezagutzeko gonbidapena luzatu nahi du, bera eta biztanleen artean lotura gune izan nahi du.<\/p>\n<p style=\"color: #666666;text-align: justify\">Sustrai sakoneko ohiturak dituen herria gara, baliabide naturaletan aberatsa da, gure gatza bezala, paregaberik ez duen edertasun handiko inguruak ditugu, ur gatzatuko bainuontzi naturalekin. Gure kaleak, jauregiz beteta daude, gotorleku baten arrastoak daude, Nafarroako erdialdeko historian duen garrantzia adierazten duena.<\/p>\n<p style=\"color: #666666;text-align: justify\">Gure bisitariei ostatua emateko azpiegiturak ditugu eta bere egonaldia atsegina eta ahaztezina egiteko. Ez ezazu gure web orria bisitatzeko aukerarik galdu.<\/p>\n<p style=\"color: #666666;text-align: justify\">Eskerrik asko bisitatzeagatik.<\/p>\n<p style=\"color: #666666;text-align: justify\">Agur bero bat,<\/p>\n<p style=\"color: #666666;text-align: justify\">Jos\u00e9 Lu\u00eds Anocibar alkatea.<\/p>\n<h2 style=\"color: #666666;text-align: justify\">Udal antolaketa<\/h2>\n<table style=\"color: #666666;height: 5px\" border=\"1\" summary=\"Udalbatza osatzen duten pertsonen izen-abizen, kargua eta udal taldea azaltzen duen taula\" width=\"551\">\n<caption style=\"font-weight: bold\">\u00a0<\/caption>\n<tbody>\n<tr style=\"height: 24px\">\n<th id=\"100\" style=\"height: 24px;width: 175.562px\"><\/th>\n<th id=\"101\" style=\"height: 24px;width: 175.562px\"><\/th>\n<th id=\"102\" style=\"height: 24px;width: 175.688px\"><\/th>\n<\/tr>\n<tr style=\"height: 24px\">\n<td style=\"height: 24px;width: 175.562px\" headers=\"100\"><\/td>\n<td style=\"height: 24px;width: 175.562px\" headers=\"101\"><\/td>\n<td style=\"height: 24px;width: 175.688px\" headers=\"102\"><\/td>\n<\/tr>\n<tr style=\"height: 24px\">\n<td style=\"height: 24px;width: 175.562px\" headers=\"100\"><\/td>\n<td style=\"height: 24px;width: 175.562px\" headers=\"101\"><\/td>\n<td style=\"height: 24px;width: 175.688px\" headers=\"102\"><\/td>\n<\/tr>\n<tr style=\"height: 24px\">\n<td style=\"height: 10px;width: 175.562px\" headers=\"100\"><\/td>\n<td style=\"height: 10px;width: 175.562px\" headers=\"101\"><\/td>\n<td style=\"height: 10px;width: 175.688px\" headers=\"102\"><\/td>\n<\/tr>\n<\/tbody>\n<\/table>\n<table style=\"color: #666666\" border=\"1\" summary=\"Descripci\u00f3n del nombre, cargo y Partido Pol\u00edtico de los componentes de la Corporaci\u00f3n Municipal\">\n<caption style=\"font-weight: bold\">UDALBATZA<\/caption>\n<tbody>\n<tr style=\"height: 24px\">\n<td style=\"height: 24px\" headers=\"100\">Alkatea<\/td>\n<td style=\"height: 24px\" headers=\"101\">Francisco Javier Eraso Azqueta<\/td>\n<td style=\"height: 24px\" headers=\"102\">A.Zanzalaieta<\/td>\n<\/tr>\n<tr style=\"height: 24px\">\n<td style=\"height: 24px\" headers=\"100\">Zinegotzia<\/td>\n<td style=\"height: 24px\" headers=\"101\">David Anocibar Iltzarbe<\/td>\n<td style=\"height: 24px\" headers=\"102\">A.Zanzalaieta<\/td>\n<\/tr>\n<tr style=\"height: 24px\">\n<td style=\"height: 24px\" headers=\"100\">Zinegotzia<\/td>\n<td style=\"height: 24px\" headers=\"101\">Aitor Apesteguia Unzue<\/td>\n<td style=\"height: 24px\" headers=\"102\">A.Zanzalaieta<\/td>\n<\/tr>\n<tr style=\"height: 24px\">\n<td style=\"height: 24px\" headers=\"100\">Zinegotzia<\/td>\n<td style=\"height: 24px\" headers=\"101\">Aingeru Azcona Soto<\/td>\n<td style=\"height: 24px\" headers=\"102\">A.Zanzalaieta<\/td>\n<\/tr>\n<tr style=\"height: 24px\">\n<td style=\"height: 24px\" headers=\"100\">Zinegotzia<\/td>\n<td style=\"height: 24px\" headers=\"101\">Aimar Echeverria Munarriz<\/td>\n<td style=\"height: 24px\" headers=\"102\">A.Zanzalaieta<\/td>\n<\/tr>\n<\/tbody>\n<\/table>\n<h2 style=\"text-align: justify\">Zergadunaren egutegia<\/h2>\n<table style=\"color: #666666\" border=\"1\" summary=\"Zerga mota eta ordainketa epea azaltzen duen taula\">\n<tbody>\n<tr>\n<th id=\"540\">Kontzeptua<\/th>\n<th id=\"541\">Ordainketa bakarra<\/th>\n<\/tr>\n<tr>\n<td headers=\"540\">Ibilgailuen Zirkulazio Zerga<\/td>\n<td headers=\"541\">Martxoa<\/td>\n<\/tr>\n<tr>\n<td headers=\"540\">Jarduera Ekonomikoko Zerga<\/td>\n<td headers=\"541\">Iraila<\/td>\n<\/tr>\n<tr>\n<td headers=\"540\">Kontribuzioa<\/td>\n<td headers=\"541\">Urria<\/td>\n<\/tr>\n<\/tbody>\n<\/table>\n<h2 style=\"text-align: justify\">Dokumentu ereduak<\/h2>\n<h2 style=\"text-align: justify\">Datu interesgarriak<\/h2>\n<ul>\n<li><strong>Erkidegoa<\/strong>: Nafarroako Foru Erkidegoa<\/li>\n<li><strong>Probintzia<\/strong>: Nafarroa.<\/li>\n<li><strong>Kategoria Administratiboa<\/strong>: Udala.<\/li>\n<li><strong>Barruti Judiziala<\/strong>: Estella\/Lizarra.<\/li>\n<li><strong>Merindadea<\/strong>: Estella\/Lizarra.<\/li>\n<li><strong>Eskualde Geografikoa<\/strong>: Estellerria.<\/li>\n<li><strong>Biztanleria 2006. urtean<\/strong>: 115.<\/li>\n<li><strong>Azalera<\/strong>: 14,10 Km\u00b2.<\/li>\n<li><strong>Altitudea Udaletxean<\/strong>: 678 metro.<\/li>\n<li><strong>Iru\u00f1ara distantzia<\/strong>: 30 Km.<\/li>\n<li><strong>Komunikazioak\/Sarbideak<\/strong>: NA-700.<\/li>\n<\/ul>\n<h2 style=\"text-align: justify\">Geografia<\/h2>\n<p style=\"color: #666666;text-align: justify\">Gesalatz ibarrean kokatua dagoen gunea da, XIX mende erdialdean bertatik banandu eta berezko udal independientea osatu zuen, Muniain eta Izurtzuko kontzejuak, haranetik fisikoki aldenduta utziz. Egungo udalerria, Oro eta Salinas herrien elkartzetik datorrena, 14,10 kilometro karratuko azalera dauka eta Go\u00f1iko ibarrarekin (iparraldean) muga egiten du, Gesalatz (Izurtzu eta Muniain) ekialdean, Bidaurreta (Etxauri ibarra) hego ekialdean, Girgillao (Ma\u00f1eruibarra) hegoaldean eta Gesalatz hego mendebaldean eta mendebaldean.<\/p>\n<p style=\"color: #666666;text-align: justify\">Udalerrian hiru gune ezberdintzen dira: iparraldean, mendiak, Go\u00f1i ibarreko hegoaldeko eskualdearekin muga: hego-ekialdean Sarbil mendilerroaren luzapena aurkitzen da, hondarrezko konglomeratu batez osatua. Esparatz (1019 metro) mendian bukatzen dena eta Salado (Gesalatz ibarra) (mendebaldean) eta Arga (Etxauri ibarra) ibai arroak banatzen dituena. Tarteko gunea, ibaiak ireki duen sakonunea da, egitura konplexua duena, buztin, ofita, igeltsu eta gatzez osatua, bertan gatz guneak daude.<\/p>\n<p style=\"color: #666666;text-align: justify\">Iparraldeko eremu altuenetan, azpimediterranear klima ematen da eta beste guneetan mediterranea klima. Arteak dira nagusi (289), baina baita haritzak, erkametzak eta birpopulaketa pinudiak ere badaude.<\/p>\n<h2 style=\"color: #666666;text-align: justify\">Historia<\/h2>\n<p style=\"color: #666666;text-align: justify\">Gaur egungo udalerria, Salinas de Oro, antzina Yaniz izena zuen eta bertan Erdi Aroko bi udalerriak hartzen ditu, Zuazu eta Oro hain zuzen ere.<\/p>\n<p style=\"color: #666666;text-align: justify\">Yaniz herria muino batean sortu zen, iparraldeko haizeetatik babesteko eta inguruan dituen mendien babespean, azken hauek Gesalatzetik banatu eta Salinas de Oroko diapiroa osatzen dute. Herriaren ondoan eta zonalde altuenean, bere babeserako gaztelu-eliza eraiki zen, bertatik, Estellerriko eskualde zabal bat ikusten da, Jurramendi eta Deioko gainak barne. Herria, Oroko gazteluaren babesean zegoen, dirudienez, Haitz handia edo S. Jeronimoren haitzaren gainean eraikia. Inguru hauetan, tradizioak dioenez, Nafarroako eta Leongo erregeak indartsu egin ziren, bertan Abd Al Raham garaitu zuten, Valdejunquerako bataila lazgarrain, Muetz eta Jaitz artean, 920. urtean gertatutakoa.<\/p>\n<p style=\"color: #666666;text-align: justify\">1135ean, erregeak Iru\u00f1ako apezpikuari doaina egingo dio &#8220;la villa que se dice Ianiz, et la villa de Zuazu con el castillo que se llama Oro&#8221;. Urte horretatik aurrera, Yaniz herria, apezpikuaren ondasunen barne geldituko da, baina 1291ean gaztelua, koroaren esku geldituko da.<\/p>\n<p style=\"color: #666666;text-align: justify\">1165ean, dokumentu bat agertuko da, zeinean, herriari &#8220;Yaiz edo Salinas&#8221; deitura ematen zaion eta 1225etik aurrera, dokumentuetan izen berria agertuko da, Salinas de Oro hain zuzen ere.<\/p>\n<p style=\"color: #666666;text-align: justify\">XIV. mendean, Go\u00f1i noble-familia, kondairako Go\u00f1iko Teodosio jauna familia honetakoa omen zen, Jaitzen bere bizitokia ezarri zuten eta Ekizaren magalean jauregi harresitu bat eraiki zuten. Ondorioz, herria jauregiaren ingurura zabaldu zen eta antzinako gune originala hedatu zen eta gaur egungo Garrabea auzoa sortu zen. Jauregia 1513an bota egin zuten, gaztelakoak sartu zirenean eta beranduago berreraiki zen nahiz eta azkenik 1947an bota egin zen berriro ere honen harria saltzeko.<\/p>\n<p style=\"color: #666666;text-align: justify\">XVI. mendean herriak 60 etxe zituen eta apurka-apurka handituz joan zen. Hazkunde honen ondorioz, XVIII mende erdialdean populazio hazkundea nabaria izan zuen, 1786an 473 biztanle izatera iritsiz; ondorioz nobletasun-agiri ugari lortuko ditu eta 1799an eliz parrokiaren berreraikitzeari ekin zioten, herriaren erdigunean.<\/p>\n<p style=\"color: #666666;text-align: justify\">Frantsesen eta karlisten tropen igarotzeak eta ezarritako tasa eta zerga altuek, gutxinaka gutxinaka herria pobretu zuten. 1857an, 578 biztanle izatera iritsi zen eta Gesalatz ibarretik banandu zen, udal independentea izatera pasatuz. 1778ko dokumentu batean herriak &#8220;un vascuence tan comprensivo como el de Pamplona&#8221; zuela esaten zen, baina XIX mende erdialdean bere erabilera galdu egin zen.<\/p>\n<p><\/p>","protected":false},"excerpt":{"rendered":"<p>Alkatearen agurra Udalak gure web orria ezagutzeko gonbidapena luzatu nahi du, bera eta biztanleen artean lotura gune izan nahi du. Sustrai sakoneko ohiturak dituen herria gara, baliabide naturaletan aberatsa da, gure gatza bezala, paregaberik ez duen edertasun handiko inguruak ditugu,&hellip; <\/p>\n","protected":false},"author":1,"featured_media":46,"parent":0,"menu_order":4,"comment_status":"closed","ping_status":"closed","template":"","meta":{"_monsterinsights_skip_tracking":false,"_monsterinsights_sitenote_active":false,"_monsterinsights_sitenote_note":"","_monsterinsights_sitenote_category":0,"footnotes":""},"class_list":["post-23","page","type-page","status-publish","has-post-thumbnail","hentry"],"yoast_head":"<!-- This site is optimized with the Yoast SEO plugin v26.8 - https:\/\/yoast.com\/product\/yoast-seo-wordpress\/ -->\r\n<title>Jaitz - Jaitzeko Udala<\/title>\r\n<meta name=\"robots\" content=\"index, follow, max-snippet:-1, max-image-preview:large, max-video-preview:-1\" \/>\r\n<link rel=\"canonical\" href=\"http:\/\/www.salinasdeoro.es\/eu\/salinas-de-oro\/\" \/>\r\n<meta property=\"og:locale\" content=\"eu_ES\" \/>\r\n<meta property=\"og:type\" content=\"article\" \/>\r\n<meta property=\"og:title\" content=\"Jaitz - Jaitzeko Udala\" \/>\r\n<meta property=\"og:description\" content=\"Alkatearen agurra Udalak gure web orria ezagutzeko gonbidapena luzatu nahi du, bera eta biztanleen artean lotura gune izan nahi du. Sustrai sakoneko ohiturak dituen herria gara, baliabide naturaletan aberatsa da, gure gatza bezala, paregaberik ez duen edertasun handiko inguruak ditugu,&hellip;\" \/>\r\n<meta property=\"og:url\" content=\"http:\/\/www.salinasdeoro.es\/eu\/salinas-de-oro\/\" \/>\r\n<meta property=\"og:site_name\" content=\"Jaitzeko Udala\" \/>\r\n<meta property=\"article:modified_time\" content=\"2023-09-21T10:20:39+00:00\" \/>\r\n<meta property=\"og:image\" content=\"http:\/\/www.salinasdeoro.es\/wp-content\/uploads\/sites\/94\/2014\/12\/slider1.png\" \/>\r\n\t<meta property=\"og:image:width\" content=\"1117\" \/>\r\n\t<meta property=\"og:image:height\" content=\"274\" \/>\r\n\t<meta property=\"og:image:type\" content=\"image\/png\" \/>\r\n<meta name=\"twitter:card\" content=\"summary_large_image\" \/>\r\n<meta name=\"twitter:label1\" content=\"Est. reading time\" \/>\n\t<meta name=\"twitter:data1\" content=\"8 minutes\" \/>\r\n<script type=\"application\/ld+json\" class=\"yoast-schema-graph\">{\"@context\":\"https:\/\/schema.org\",\"@graph\":[{\"@type\":\"WebPage\",\"@id\":\"http:\/\/www.salinasdeoro.es\/eu\/salinas-de-oro\/\",\"url\":\"http:\/\/www.salinasdeoro.es\/eu\/salinas-de-oro\/\",\"name\":\"Jaitz - Jaitzeko Udala\",\"isPartOf\":{\"@id\":\"http:\/\/www.salinasdeoro.es\/eu\/#website\"},\"primaryImageOfPage\":{\"@id\":\"http:\/\/www.salinasdeoro.es\/eu\/salinas-de-oro\/#primaryimage\"},\"image\":{\"@id\":\"http:\/\/www.salinasdeoro.es\/salinas-de-oro\/#primaryimage\"},\"thumbnailUrl\":\"http:\/\/www.salinasdeoro.es\/wp-content\/uploads\/sites\/94\/2014\/12\/slider1.png\",\"datePublished\":\"2014-12-02T09:34:25+00:00\",\"dateModified\":\"2023-09-21T10:20:39+00:00\",\"breadcrumb\":{\"@id\":\"http:\/\/www.salinasdeoro.es\/eu\/salinas-de-oro\/#breadcrumb\"},\"inLanguage\":\"eu-ES\",\"potentialAction\":[{\"@type\":\"ReadAction\",\"target\":[[\"http:\/\/www.salinasdeoro.es\/eu\/salinas-de-oro\/\"]]}]},{\"@type\":\"ImageObject\",\"inLanguage\":\"eu-ES\",\"@id\":\"http:\/\/www.salinasdeoro.es\/eu\/salinas-de-oro\/#primaryimage\",\"url\":\"http:\/\/www.salinasdeoro.es\/wp-content\/uploads\/sites\/94\/2014\/12\/slider1.png\",\"contentUrl\":\"http:\/\/www.salinasdeoro.es\/wp-content\/uploads\/sites\/94\/2014\/12\/slider1.png\",\"width\":1117,\"height\":274},{\"@type\":\"BreadcrumbList\",\"@id\":\"http:\/\/www.salinasdeoro.es\/eu\/salinas-de-oro\/#breadcrumb\",\"itemListElement\":[{\"@type\":\"ListItem\",\"position\":1,\"name\":\"Portada\",\"item\":\"http:\/\/www.salinasdeoro.es\/eu\/\"},{\"@type\":\"ListItem\",\"position\":2,\"name\":\"Salinas de Oro\"}]},{\"@type\":\"WebSite\",\"@id\":\"http:\/\/www.salinasdeoro.es\/eu\/#website\",\"url\":\"http:\/\/www.salinasdeoro.es\/eu\/\",\"name\":\"Jaitzeko Udala\",\"description\":\"Jaitzeko Udala\",\"potentialAction\":[{\"@type\":\"SearchAction\",\"target\":{\"@type\":\"EntryPoint\",\"urlTemplate\":\"http:\/\/www.salinasdeoro.es\/eu\/?s={search_term_string}\"},\"query-input\":{\"@type\":\"PropertyValueSpecification\",\"valueRequired\":true,\"valueName\":\"search_term_string\"}}],\"inLanguage\":\"eu-ES\"}]}<\/script>\r\n<!-- \/ Yoast SEO plugin. -->","yoast_head_json":{"title":"Jaitz - Jaitzeko Udala","robots":{"index":"index","follow":"follow","max-snippet":"max-snippet:-1","max-image-preview":"max-image-preview:large","max-video-preview":"max-video-preview:-1"},"canonical":"http:\/\/www.salinasdeoro.es\/eu\/salinas-de-oro\/","og_locale":"eu_ES","og_type":"article","og_title":"Jaitz - Jaitzeko Udala","og_description":"Alkatearen agurra Udalak gure web orria ezagutzeko gonbidapena luzatu nahi du, bera eta biztanleen artean lotura gune izan nahi du. Sustrai sakoneko ohiturak dituen herria gara, baliabide naturaletan aberatsa da, gure gatza bezala, paregaberik ez duen edertasun handiko inguruak ditugu,&hellip;","og_url":"http:\/\/www.salinasdeoro.es\/eu\/salinas-de-oro\/","og_site_name":"Jaitzeko Udala","article_modified_time":"2023-09-21T10:20:39+00:00","og_image":[{"width":1117,"height":274,"url":"http:\/\/www.salinasdeoro.es\/wp-content\/uploads\/sites\/94\/2014\/12\/slider1.png","type":"image\/png"}],"twitter_card":"summary_large_image","twitter_misc":{"Est. reading time":"8 minutes"},"schema":{"@context":"https:\/\/schema.org","@graph":[{"@type":"WebPage","@id":"http:\/\/www.salinasdeoro.es\/eu\/salinas-de-oro\/","url":"http:\/\/www.salinasdeoro.es\/eu\/salinas-de-oro\/","name":"Jaitz - Jaitzeko Udala","isPartOf":{"@id":"http:\/\/www.salinasdeoro.es\/eu\/#website"},"primaryImageOfPage":{"@id":"http:\/\/www.salinasdeoro.es\/eu\/salinas-de-oro\/#primaryimage"},"image":{"@id":"http:\/\/www.salinasdeoro.es\/salinas-de-oro\/#primaryimage"},"thumbnailUrl":"http:\/\/www.salinasdeoro.es\/wp-content\/uploads\/sites\/94\/2014\/12\/slider1.png","datePublished":"2014-12-02T09:34:25+00:00","dateModified":"2023-09-21T10:20:39+00:00","breadcrumb":{"@id":"http:\/\/www.salinasdeoro.es\/eu\/salinas-de-oro\/#breadcrumb"},"inLanguage":"eu-ES","potentialAction":[{"@type":"ReadAction","target":[["http:\/\/www.salinasdeoro.es\/eu\/salinas-de-oro\/"]]}]},{"@type":"ImageObject","inLanguage":"eu-ES","@id":"http:\/\/www.salinasdeoro.es\/eu\/salinas-de-oro\/#primaryimage","url":"http:\/\/www.salinasdeoro.es\/wp-content\/uploads\/sites\/94\/2014\/12\/slider1.png","contentUrl":"http:\/\/www.salinasdeoro.es\/wp-content\/uploads\/sites\/94\/2014\/12\/slider1.png","width":1117,"height":274},{"@type":"BreadcrumbList","@id":"http:\/\/www.salinasdeoro.es\/eu\/salinas-de-oro\/#breadcrumb","itemListElement":[{"@type":"ListItem","position":1,"name":"Portada","item":"http:\/\/www.salinasdeoro.es\/eu\/"},{"@type":"ListItem","position":2,"name":"Salinas de Oro"}]},{"@type":"WebSite","@id":"http:\/\/www.salinasdeoro.es\/eu\/#website","url":"http:\/\/www.salinasdeoro.es\/eu\/","name":"Jaitzeko Udala","description":"Jaitzeko Udala","potentialAction":[{"@type":"SearchAction","target":{"@type":"EntryPoint","urlTemplate":"http:\/\/www.salinasdeoro.es\/eu\/?s={search_term_string}"},"query-input":{"@type":"PropertyValueSpecification","valueRequired":true,"valueName":"search_term_string"}}],"inLanguage":"eu-ES"}]}},"_links":{"self":[{"href":"http:\/\/www.salinasdeoro.es\/eu\/wp-json\/wp\/v2\/pages\/23","targetHints":{"allow":["GET"]}}],"collection":[{"href":"http:\/\/www.salinasdeoro.es\/eu\/wp-json\/wp\/v2\/pages"}],"about":[{"href":"http:\/\/www.salinasdeoro.es\/eu\/wp-json\/wp\/v2\/types\/page"}],"author":[{"embeddable":true,"href":"http:\/\/www.salinasdeoro.es\/eu\/wp-json\/wp\/v2\/users\/1"}],"replies":[{"embeddable":true,"href":"http:\/\/www.salinasdeoro.es\/eu\/wp-json\/wp\/v2\/comments?post=23"}],"version-history":[{"count":8,"href":"http:\/\/www.salinasdeoro.es\/eu\/wp-json\/wp\/v2\/pages\/23\/revisions"}],"predecessor-version":[{"id":8288,"href":"http:\/\/www.salinasdeoro.es\/eu\/wp-json\/wp\/v2\/pages\/23\/revisions\/8288"}],"wp:featuredmedia":[{"embeddable":true,"href":"http:\/\/www.salinasdeoro.es\/eu\/wp-json\/wp\/v2\/media\/46"}],"wp:attachment":[{"href":"http:\/\/www.salinasdeoro.es\/eu\/wp-json\/wp\/v2\/media?parent=23"}],"curies":[{"name":"wp","href":"https:\/\/api.w.org\/{rel}","templated":true}]}}